{"id":8233,"date":"2020-11-14T09:09:47","date_gmt":"2020-11-14T09:09:47","guid":{"rendered":"http:\/\/finix.powersquall.com\/?page_id=9"},"modified":"2025-11-18T08:44:58","modified_gmt":"2025-11-18T08:44:58","slug":"why-we","status":"publish","type":"page","link":"https:\/\/test.detech.com.tr\/en\/why-we\/","title":{"rendered":"Why Us?"},"content":{"rendered":"<div data-elementor-type=\"wp-page\" data-elementor-id=\"8233\" class=\"elementor elementor-8233\" data-elementor-settings=\"{&quot;element_pack_global_tooltip_width&quot;:{&quot;unit&quot;:&quot;px&quot;,&quot;size&quot;:&quot;&quot;,&quot;sizes&quot;:[]},&quot;element_pack_global_tooltip_width_tablet&quot;:{&quot;unit&quot;:&quot;px&quot;,&quot;size&quot;:&quot;&quot;,&quot;sizes&quot;:[]},&quot;element_pack_global_tooltip_width_mobile&quot;:{&quot;unit&quot;:&quot;px&quot;,&quot;size&quot;:&quot;&quot;,&quot;sizes&quot;:[]},&quot;element_pack_global_tooltip_padding&quot;:{&quot;unit&quot;:&quot;px&quot;,&quot;top&quot;:&quot;&quot;,&quot;right&quot;:&quot;&quot;,&quot;bottom&quot;:&quot;&quot;,&quot;left&quot;:&quot;&quot;,&quot;isLinked&quot;:true},&quot;element_pack_global_tooltip_padding_tablet&quot;:{&quot;unit&quot;:&quot;px&quot;,&quot;top&quot;:&quot;&quot;,&quot;right&quot;:&quot;&quot;,&quot;bottom&quot;:&quot;&quot;,&quot;left&quot;:&quot;&quot;,&quot;isLinked&quot;:true},&quot;element_pack_global_tooltip_padding_mobile&quot;:{&quot;unit&quot;:&quot;px&quot;,&quot;top&quot;:&quot;&quot;,&quot;right&quot;:&quot;&quot;,&quot;bottom&quot;:&quot;&quot;,&quot;left&quot;:&quot;&quot;,&quot;isLinked&quot;:true},&quot;element_pack_global_tooltip_border_radius&quot;:{&quot;unit&quot;:&quot;px&quot;,&quot;top&quot;:&quot;&quot;,&quot;right&quot;:&quot;&quot;,&quot;bottom&quot;:&quot;&quot;,&quot;left&quot;:&quot;&quot;,&quot;isLinked&quot;:true},&quot;element_pack_global_tooltip_border_radius_tablet&quot;:{&quot;unit&quot;:&quot;px&quot;,&quot;top&quot;:&quot;&quot;,&quot;right&quot;:&quot;&quot;,&quot;bottom&quot;:&quot;&quot;,&quot;left&quot;:&quot;&quot;,&quot;isLinked&quot;:true},&quot;element_pack_global_tooltip_border_radius_mobile&quot;:{&quot;unit&quot;:&quot;px&quot;,&quot;top&quot;:&quot;&quot;,&quot;right&quot;:&quot;&quot;,&quot;bottom&quot;:&quot;&quot;,&quot;left&quot;:&quot;&quot;,&quot;isLinked&quot;:true}}\">\n\t\t\t\t\t\t<section class=\"elementor-section elementor-top-section elementor-element elementor-element-413bdc370 elementor-section-boxed elementor-section-height-default elementor-section-height-default wpr-particle-no wpr-jarallax-no wpr-parallax-no wpr-sticky-section-no\" data-id=\"413bdc370\" data-element_type=\"section\" data-settings=\"{&quot;background_background&quot;:&quot;gradient&quot;,&quot;shape_divider_bottom&quot;:&quot;triangle-asymmetrical&quot;,&quot;shape_divider_bottom_negative&quot;:&quot;yes&quot;}\">\n\t\t\t\t\t<div class=\"elementor-shape elementor-shape-bottom\" aria-hidden=\"true\" data-negative=\"true\">\n\t\t\t<svg xmlns=\"http:\/\/www.w3.org\/2000\/svg\" viewbox=\"0 0 1000 100\" preserveaspectratio=\"none\">\n\t<path class=\"elementor-shape-fill\" d=\"M737.9,94.7L0,0v100h1000V0L737.9,94.7z\"\/>\n<\/svg>\t\t<\/div>\n\t\t\t\t\t<div class=\"elementor-container elementor-column-gap-default\">\n\t\t\t\t\t<div class=\"elementor-column elementor-col-100 elementor-top-column elementor-element elementor-element-732725f5\" data-id=\"732725f5\" data-element_type=\"column\">\n\t\t\t<div class=\"elementor-widget-wrap elementor-element-populated\">\n\t\t\t\t\t\t<div class=\"elementor-element elementor-element-47ee6b5a elementor-widget elementor-widget-heading\" data-id=\"47ee6b5a\" data-element_type=\"widget\" data-widget_type=\"heading.default\">\n\t\t\t\t\t<h2 class=\"elementor-heading-title elementor-size-default\">About Us<\/h2>\t\t\t\t<\/div>\n\t\t\t\t<div class=\"elementor-element elementor-element-12ee3d54 elementor-widget-divider--view-line elementor-widget elementor-widget-divider\" data-id=\"12ee3d54\" data-element_type=\"widget\" data-widget_type=\"divider.default\">\n\t\t\t\t\t\t\t<div class=\"elementor-divider\">\n\t\t\t<span class=\"elementor-divider-separator\">\n\t\t\t\t\t\t<\/span>\n\t\t<\/div>\n\t\t\t\t\t\t<\/div>\n\t\t\t\t<div class=\"elementor-element elementor-element-38c20923 elementor-widget elementor-widget-text-editor\" data-id=\"38c20923\" data-element_type=\"widget\" data-widget_type=\"text-editor.default\">\n\t\t\t\t\t\t\t\t\t<p>\u00a0We are one of the leading cyber security solution providers in Turkey<\/p>\t\t\t\t\t\t\t\t<\/div>\n\t\t\t\t\t<\/div>\n\t\t<\/div>\n\t\t\t\t\t<\/div>\n\t\t<\/section>\n\t\t\t\t<section class=\"elementor-section elementor-top-section elementor-element elementor-element-7112d9c elementor-section-content-middle bdt-backdrop-filter-yes elementor-section-boxed elementor-section-height-default elementor-section-height-default bdt-filter-backdrop wpr-particle-no wpr-jarallax-no wpr-parallax-no wpr-sticky-section-no\" data-id=\"7112d9c\" data-element_type=\"section\" data-settings=\"{&quot;background_background&quot;:&quot;classic&quot;}\">\n\t\t\t\t\t\t<div class=\"elementor-container elementor-column-gap-default\">\n\t\t\t\t\t<div class=\"elementor-column elementor-col-50 elementor-top-column elementor-element elementor-element-bcc2f7a\" data-id=\"bcc2f7a\" data-element_type=\"column\" data-settings=\"{&quot;background_background&quot;:&quot;classic&quot;}\">\n\t\t\t<div class=\"elementor-widget-wrap\">\n\t\t\t\t\t\t\t<\/div>\n\t\t<\/div>\n\t\t\t\t<div class=\"elementor-column elementor-col-50 elementor-top-column elementor-element elementor-element-b35c5cd elementor-invisible\" data-id=\"b35c5cd\" data-element_type=\"column\" data-settings=\"{&quot;animation&quot;:&quot;fadeInRight&quot;}\">\n\t\t\t<div class=\"elementor-widget-wrap elementor-element-populated\">\n\t\t\t\t\t\t<div class=\"elementor-element elementor-element-897946b elementor-widget elementor-widget-text-editor\" data-id=\"897946b\" data-element_type=\"widget\" data-widget_type=\"text-editor.default\">\n\t\t\t\t\t\t\t\t\tWho Are We?\t\t\t\t\t\t\t\t<\/div>\n\t\t\t\t<div class=\"elementor-element elementor-element-8510c8c elementor-widget elementor-widget-heading\" data-id=\"8510c8c\" data-element_type=\"widget\" data-widget_type=\"heading.default\">\n\t\t\t\t\t<h2 class=\"elementor-heading-title elementor-size-default\">Why Choose Detech?<\/h2>\t\t\t\t<\/div>\n\t\t\t\t<div class=\"elementor-element elementor-element-f9ddcb0 elementor-widget elementor-widget-text-editor\" data-id=\"f9ddcb0\" data-element_type=\"widget\" data-widget_type=\"text-editor.default\">\n\t\t\t\t\t\t\t\t\t<p data-start=\"272\" data-end=\"587\"><span style=\"color: #022f3c;\">Based in Istanbul since 2002, Detech is one of the leading cyber security solution providers in Turkey. We aim to achieve sustainable and manageable growth with our governance-oriented corporate structure and to create happy employees with our individual development-oriented approach.<\/span><\/p><p data-start=\"589\" data-end=\"936\"><span style=\"color: #022f3c;\">As the distributor of world-leading brands such as Fortra, Cynet, Ground Labs and Calypso AI; we offer end-to-end security solutions in the finance, energy, logistics, manufacturing and public sectors. With our customer-oriented approach, we create lasting value for our employees, stakeholders and society while producing fast, effective and innovative solutions to expectations.<\/span><\/p><p data-start=\"938\" data-end=\"1211\"><span style=\"color: #022f3c;\">Our \"Designing the Technology\" approach reflects our vision of not only providing technology but also being a reliable business partner. Driven by this vision, <strong data-start=\"1108\" data-end=\"1160\">\"Act, activate. Win, win.\"<\/strong> approach to all our business processes.<\/span><\/p><p data-start=\"1213\" data-end=\"1297\"><span style=\"color: #022f3c;\">Choosing Detech means building the digital security of the future today.<\/span><\/p>\t\t\t\t\t\t\t\t<\/div>\n\t\t\t\t\t<\/div>\n\t\t<\/div>\n\t\t\t\t\t<\/div>\n\t\t<\/section>\n\t\t\t\t<section class=\"elementor-section elementor-top-section elementor-element elementor-element-9727fd2 elementor-section-boxed elementor-section-height-default elementor-section-height-default wpr-particle-no wpr-jarallax-no wpr-parallax-no wpr-sticky-section-no\" data-id=\"9727fd2\" data-element_type=\"section\" data-settings=\"{&quot;background_background&quot;:&quot;classic&quot;}\">\n\t\t\t\t\t\t<div class=\"elementor-container elementor-column-gap-default\">\n\t\t\t\t\t<div class=\"elementor-column elementor-col-100 elementor-top-column elementor-element elementor-element-7c48e04b\" data-id=\"7c48e04b\" data-element_type=\"column\">\n\t\t\t<div class=\"elementor-widget-wrap elementor-element-populated\">\n\t\t\t\t\t\t<section class=\"elementor-section elementor-inner-section elementor-element elementor-element-5b5b0af elementor-section-boxed elementor-section-height-default elementor-section-height-default wpr-particle-no wpr-jarallax-no wpr-parallax-no wpr-sticky-section-no elementor-invisible\" data-id=\"5b5b0af\" data-element_type=\"section\" data-settings=\"{&quot;animation&quot;:&quot;fadeInDown&quot;}\">\n\t\t\t\t\t\t<div class=\"elementor-container elementor-column-gap-default\">\n\t\t\t\t\t<div class=\"elementor-column elementor-col-50 elementor-inner-column elementor-element elementor-element-9739c84\" data-id=\"9739c84\" data-element_type=\"column\" data-settings=\"{&quot;background_background&quot;:&quot;classic&quot;}\">\n\t\t\t<div class=\"elementor-widget-wrap elementor-element-populated\">\n\t\t\t\t\t\t<div class=\"elementor-element elementor-element-fff4db5 elementor-view-default elementor-widget elementor-widget-icon\" data-id=\"fff4db5\" data-element_type=\"widget\" data-widget_type=\"icon.default\">\n\t\t\t\t\t\t\t<div class=\"elementor-icon-wrapper\">\n\t\t\t<div class=\"elementor-icon\">\n\t\t\t<i aria-hidden=\"true\" class=\"glyph-icon flaticon-target\"><\/i>\t\t\t<\/div>\n\t\t<\/div>\n\t\t\t\t\t\t<\/div>\n\t\t\t\t<div class=\"elementor-element elementor-element-224674e elementor-widget elementor-widget-heading\" data-id=\"224674e\" data-element_type=\"widget\" data-widget_type=\"heading.default\">\n\t\t\t\t\t<h6 class=\"elementor-heading-title elementor-size-default\">Our Mission<\/h6>\t\t\t\t<\/div>\n\t\t\t\t<div class=\"elementor-element elementor-element-1e91154 elementor-widget elementor-widget-text-editor\" data-id=\"1e91154\" data-element_type=\"widget\" data-widget_type=\"text-editor.default\">\n\t\t\t\t\t\t\t\t\t<p><span style=\"color: #022f3c;\">To produce optimum solutions to the cyber security problems of all companies and organizations in our country.<\/span><\/p>\t\t\t\t\t\t\t\t<\/div>\n\t\t\t\t\t<\/div>\n\t\t<\/div>\n\t\t\t\t<div class=\"elementor-column elementor-col-50 elementor-inner-column elementor-element elementor-element-74bb2ed\" data-id=\"74bb2ed\" data-element_type=\"column\" data-settings=\"{&quot;background_background&quot;:&quot;classic&quot;}\">\n\t\t\t<div class=\"elementor-widget-wrap elementor-element-populated\">\n\t\t\t\t\t\t<div class=\"elementor-element elementor-element-3163ba3 elementor-view-default elementor-widget elementor-widget-icon\" data-id=\"3163ba3\" data-element_type=\"widget\" data-widget_type=\"icon.default\">\n\t\t\t\t\t\t\t<div class=\"elementor-icon-wrapper\">\n\t\t\t<div class=\"elementor-icon\">\n\t\t\t<i aria-hidden=\"true\" class=\"glyph-icon flaticon-badge\"><\/i>\t\t\t<\/div>\n\t\t<\/div>\n\t\t\t\t\t\t<\/div>\n\t\t\t\t<div class=\"elementor-element elementor-element-45f1e05 elementor-widget elementor-widget-heading\" data-id=\"45f1e05\" data-element_type=\"widget\" data-widget_type=\"heading.default\">\n\t\t\t\t\t<h6 class=\"elementor-heading-title elementor-size-default\">Our Vision<\/h6>\t\t\t\t<\/div>\n\t\t\t\t<div class=\"elementor-element elementor-element-faf982d elementor-widget elementor-widget-text-editor\" data-id=\"faf982d\" data-element_type=\"widget\" data-widget_type=\"text-editor.default\">\n\t\t\t\t\t\t\t\t\t<p><span style=\"color: #022f3c;\">To achieve sustainable, manageable profitable growth and become the sector leader through corporate governance and common sense approach.<\/span><\/p>\t\t\t\t\t\t\t\t<\/div>\n\t\t\t\t\t<\/div>\n\t\t<\/div>\n\t\t\t\t\t<\/div>\n\t\t<\/section>\n\t\t\t\t\t<\/div>\n\t\t<\/div>\n\t\t\t\t\t<\/div>\n\t\t<\/section>\n\t\t\t\t<section class=\"elementor-section elementor-top-section elementor-element elementor-element-4ca9810d elementor-section-stretched elementor-section-boxed elementor-section-height-default elementor-section-height-default wpr-particle-no wpr-jarallax-no wpr-parallax-no wpr-sticky-section-no\" data-id=\"4ca9810d\" data-element_type=\"section\" data-settings=\"{&quot;background_background&quot;:&quot;gradient&quot;,&quot;stretch_section&quot;:&quot;section-stretched&quot;}\">\n\t\t\t\t\t\t<div class=\"elementor-container elementor-column-gap-default\">\n\t\t\t\t\t<div class=\"elementor-column elementor-col-50 elementor-top-column elementor-element elementor-element-579f2dc3 elementor-invisible\" data-id=\"579f2dc3\" data-element_type=\"column\" data-settings=\"{&quot;animation&quot;:&quot;fadeInUp&quot;}\">\n\t\t\t<div class=\"elementor-widget-wrap elementor-element-populated\">\n\t\t\t\t\t\t<div class=\"elementor-element elementor-element-fcbadef elementor-widget__width-initial elementor-widget elementor-widget-heading\" data-id=\"fcbadef\" data-element_type=\"widget\" data-widget_type=\"heading.default\">\n\t\t\t\t\t<h3 class=\"elementor-heading-title elementor-size-default\">Contact us about your needs and we will find a solution for you!<\/h3>\t\t\t\t<\/div>\n\t\t\t\t\t<\/div>\n\t\t<\/div>\n\t\t\t\t<div class=\"elementor-column elementor-col-50 elementor-top-column elementor-element elementor-element-72f59c13 elementor-invisible\" data-id=\"72f59c13\" data-element_type=\"column\" data-settings=\"{&quot;animation&quot;:&quot;fadeInDown&quot;}\">\n\t\t\t<div class=\"elementor-widget-wrap\">\n\t\t\t\t\t\t\t<\/div>\n\t\t<\/div>\n\t\t\t\t\t<\/div>\n\t\t<\/section>\n\t\t\t\t<\/div>","protected":false},"excerpt":{"rendered":"<p>Hakk\u0131m\u0131zda \u00a0T\u00fcrkiye\u2019nin \u00f6nde gelen siber g\u00fcvenlik \u00e7\u00f6z\u00fcm sa\u011flay\u0131c\u0131lar\u0131ndan biriyiz Biz Kimiz? Detech&#8217;i Neden Tercih Etmelisiniz? 2002\u2019den bu yana \u0130stanbul merkezli olarak faaliyet g\u00f6steren Detech, T\u00fcrkiye\u2019nin \u00f6nde gelen siber g\u00fcvenlik \u00e7\u00f6z\u00fcm sa\u011flay\u0131c\u0131lar\u0131ndan biridir. Y\u00f6neti\u015fimsel kurumsal yap\u0131m\u0131zla s\u00fcrd\u00fcr\u00fclebilir ve y\u00f6netilebilir b\u00fcy\u00fcmeyi, bireysel geli\u015fim odakl\u0131 yakla\u015f\u0131m\u0131m\u0131zla ise mutlu \u00e7al\u0131\u015fanlar yaratmay\u0131 hedefliyoruz. Fortra, Cynet, Ground Labs ve Calypso AI gibi d\u00fcnya lideri markalar\u0131n distrib\u00fct\u00f6r\u00fc olarak; finans, enerji, lojistik, \u00fcretim ve kamu sekt\u00f6rlerinde u\u00e7tan uca g\u00fcvenlik \u00e7\u00f6z\u00fcmleri sunuyoruz. M\u00fc\u015fteri odakl\u0131 yakla\u015f\u0131m\u0131m\u0131zla beklentilere h\u0131zl\u0131, etkin ve yenilik\u00e7i \u00e7\u00f6z\u00fcmler \u00fcretirken; \u00e7al\u0131\u015fanlar\u0131m\u0131z, payda\u015flar\u0131m\u0131z ve toplum i\u00e7in kal\u0131c\u0131 de\u011fer yarat\u0131yoruz. \u201cDesigning the Technology\u201d anlay\u0131\u015f\u0131m\u0131z, yaln\u0131zca teknoloji sa\u011flamak de\u011fil; ayn\u0131 zamanda g\u00fcvenilir bir i\u015f orta\u011f\u0131 olma vizyonumuzu da yans\u0131t\u0131r. Bu vizyonla hareket ediyor, \u201cHarekete ge\u00e7, harekete ge\u00e7ir. Kazand\u0131r, kazan.\u201d yakla\u015f\u0131m\u0131m\u0131z\u0131 t\u00fcm i\u015f s\u00fcre\u00e7lerimize yans\u0131t\u0131yoruz. Detech\u2019i tercih etmek, gelece\u011fin dijital g\u00fcvenli\u011fini bug\u00fcnden in\u015fa etmek demektir. Misyonumuz \u00dclkemizdeki t\u00fcm \u015firket ve kurulu\u015flar\u0131n siber g\u00fcvenlik sorunlar\u0131na optimum \u00e7\u00f6z\u00fcmler \u00fcretmek. Vizyonumuz Kurumsal y\u00f6neti\u015fim ve ortak ak\u0131l yakla\u015f\u0131m\u0131 ile; s\u00fcrd\u00fcr\u00fclebilir y\u00f6netilebilir karl\u0131 b\u00fcy\u00fcme ve sekt\u00f6r lideri olmak. \u0130htiya\u00e7lar\u0131n\u0131z hakk\u0131nda bize ula\u015f\u0131n, size \u00e7\u00f6z\u00fcm \u00fcretelim!<\/p>","protected":false},"author":3,"featured_media":0,"parent":0,"menu_order":0,"comment_status":"closed","ping_status":"closed","template":"elementor_header_footer","meta":{"_acf_changed":false,"footnotes":""},"class_list":["post-8233","page","type-page","status-publish","hentry"],"acf":[],"_links":{"self":[{"href":"https:\/\/test.detech.com.tr\/en\/wp-json\/wp\/v2\/pages\/8233","targetHints":{"allow":["GET"]}}],"collection":[{"href":"https:\/\/test.detech.com.tr\/en\/wp-json\/wp\/v2\/pages"}],"about":[{"href":"https:\/\/test.detech.com.tr\/en\/wp-json\/wp\/v2\/types\/page"}],"author":[{"embeddable":true,"href":"https:\/\/test.detech.com.tr\/en\/wp-json\/wp\/v2\/users\/3"}],"replies":[{"embeddable":true,"href":"https:\/\/test.detech.com.tr\/en\/wp-json\/wp\/v2\/comments?post=8233"}],"version-history":[{"count":73,"href":"https:\/\/test.detech.com.tr\/en\/wp-json\/wp\/v2\/pages\/8233\/revisions"}],"predecessor-version":[{"id":11645,"href":"https:\/\/test.detech.com.tr\/en\/wp-json\/wp\/v2\/pages\/8233\/revisions\/11645"}],"wp:attachment":[{"href":"https:\/\/test.detech.com.tr\/en\/wp-json\/wp\/v2\/media?parent=8233"}],"curies":[{"name":"wp","href":"https:\/\/api.w.org\/{rel}","templated":true}]}}