{"id":9017,"date":"2025-09-15T10:47:00","date_gmt":"2025-09-15T10:47:00","guid":{"rendered":"https:\/\/test.detech.com.tr\/?page_id=9017"},"modified":"2025-11-17T22:08:33","modified_gmt":"2025-11-17T22:08:33","slug":"sustainability","status":"publish","type":"page","link":"https:\/\/test.detech.com.tr\/en\/sustainability\/","title":{"rendered":"Sustainability"},"content":{"rendered":"<div data-elementor-type=\"wp-page\" data-elementor-id=\"9017\" class=\"elementor elementor-9017\" data-elementor-settings=\"{&quot;element_pack_global_tooltip_width&quot;:{&quot;unit&quot;:&quot;px&quot;,&quot;size&quot;:&quot;&quot;,&quot;sizes&quot;:[]},&quot;element_pack_global_tooltip_width_tablet&quot;:{&quot;unit&quot;:&quot;px&quot;,&quot;size&quot;:&quot;&quot;,&quot;sizes&quot;:[]},&quot;element_pack_global_tooltip_width_mobile&quot;:{&quot;unit&quot;:&quot;px&quot;,&quot;size&quot;:&quot;&quot;,&quot;sizes&quot;:[]},&quot;element_pack_global_tooltip_padding&quot;:{&quot;unit&quot;:&quot;px&quot;,&quot;top&quot;:&quot;&quot;,&quot;right&quot;:&quot;&quot;,&quot;bottom&quot;:&quot;&quot;,&quot;left&quot;:&quot;&quot;,&quot;isLinked&quot;:true},&quot;element_pack_global_tooltip_padding_tablet&quot;:{&quot;unit&quot;:&quot;px&quot;,&quot;top&quot;:&quot;&quot;,&quot;right&quot;:&quot;&quot;,&quot;bottom&quot;:&quot;&quot;,&quot;left&quot;:&quot;&quot;,&quot;isLinked&quot;:true},&quot;element_pack_global_tooltip_padding_mobile&quot;:{&quot;unit&quot;:&quot;px&quot;,&quot;top&quot;:&quot;&quot;,&quot;right&quot;:&quot;&quot;,&quot;bottom&quot;:&quot;&quot;,&quot;left&quot;:&quot;&quot;,&quot;isLinked&quot;:true},&quot;element_pack_global_tooltip_border_radius&quot;:{&quot;unit&quot;:&quot;px&quot;,&quot;top&quot;:&quot;&quot;,&quot;right&quot;:&quot;&quot;,&quot;bottom&quot;:&quot;&quot;,&quot;left&quot;:&quot;&quot;,&quot;isLinked&quot;:true},&quot;element_pack_global_tooltip_border_radius_tablet&quot;:{&quot;unit&quot;:&quot;px&quot;,&quot;top&quot;:&quot;&quot;,&quot;right&quot;:&quot;&quot;,&quot;bottom&quot;:&quot;&quot;,&quot;left&quot;:&quot;&quot;,&quot;isLinked&quot;:true},&quot;element_pack_global_tooltip_border_radius_mobile&quot;:{&quot;unit&quot;:&quot;px&quot;,&quot;top&quot;:&quot;&quot;,&quot;right&quot;:&quot;&quot;,&quot;bottom&quot;:&quot;&quot;,&quot;left&quot;:&quot;&quot;,&quot;isLinked&quot;:true}}\">\n\t\t\t\t\t\t<section class=\"elementor-section elementor-top-section elementor-element elementor-element-ddbd688 elementor-section-boxed elementor-section-height-default elementor-section-height-default wpr-particle-no wpr-jarallax-no wpr-parallax-no wpr-sticky-section-no\" data-id=\"ddbd688\" data-element_type=\"section\" data-settings=\"{&quot;background_background&quot;:&quot;gradient&quot;,&quot;shape_divider_bottom&quot;:&quot;triangle-asymmetrical&quot;,&quot;shape_divider_bottom_negative&quot;:&quot;yes&quot;}\">\n\t\t\t\t\t<div class=\"elementor-shape elementor-shape-bottom\" aria-hidden=\"true\" data-negative=\"true\">\n\t\t\t<svg xmlns=\"http:\/\/www.w3.org\/2000\/svg\" viewbox=\"0 0 1000 100\" preserveaspectratio=\"none\">\n\t<path class=\"elementor-shape-fill\" d=\"M737.9,94.7L0,0v100h1000V0L737.9,94.7z\"\/>\n<\/svg>\t\t<\/div>\n\t\t\t\t\t<div class=\"elementor-container elementor-column-gap-default\">\n\t\t\t\t\t<div class=\"elementor-column elementor-col-100 elementor-top-column elementor-element elementor-element-6abda81\" data-id=\"6abda81\" data-element_type=\"column\">\n\t\t\t<div class=\"elementor-widget-wrap elementor-element-populated\">\n\t\t\t\t\t\t<div class=\"elementor-element elementor-element-db5618d elementor-widget elementor-widget-heading\" data-id=\"db5618d\" data-element_type=\"widget\" data-widget_type=\"heading.default\">\n\t\t\t\t\t<h2 class=\"elementor-heading-title elementor-size-default\">Sustainability<\/h2>\t\t\t\t<\/div>\n\t\t\t\t<div class=\"elementor-element elementor-element-b657280 elementor-widget-divider--view-line elementor-widget elementor-widget-divider\" data-id=\"b657280\" data-element_type=\"widget\" data-widget_type=\"divider.default\">\n\t\t\t\t\t\t\t<div class=\"elementor-divider\">\n\t\t\t<span class=\"elementor-divider-separator\">\n\t\t\t\t\t\t<\/span>\n\t\t<\/div>\n\t\t\t\t\t\t<\/div>\n\t\t\t\t<div class=\"elementor-element elementor-element-61d17e1 elementor-widget elementor-widget-text-editor\" data-id=\"61d17e1\" data-element_type=\"widget\" data-widget_type=\"text-editor.default\">\n\t\t\t\t\t\t\t\t\tSustainability in the Face of Limited Earth and Resources\t\t\t\t\t\t\t\t<\/div>\n\t\t\t\t\t<\/div>\n\t\t<\/div>\n\t\t\t\t\t<\/div>\n\t\t<\/section>\n\t\t\t\t<section class=\"elementor-section elementor-top-section elementor-element elementor-element-54600410 elementor-section-content-middle elementor-section-boxed elementor-section-height-default elementor-section-height-default wpr-particle-no wpr-jarallax-no wpr-parallax-no wpr-sticky-section-no\" data-id=\"54600410\" data-element_type=\"section\">\n\t\t\t\t\t\t<div class=\"elementor-container elementor-column-gap-default\">\n\t\t\t\t\t<div class=\"elementor-column elementor-col-50 elementor-top-column elementor-element elementor-element-8321653\" data-id=\"8321653\" data-element_type=\"column\">\n\t\t\t<div class=\"elementor-widget-wrap elementor-element-populated\">\n\t\t\t\t\t\t<div class=\"elementor-element elementor-element-dbe8925 elementor-widget elementor-widget-image\" data-id=\"dbe8925\" data-element_type=\"widget\" data-widget_type=\"image.default\">\n\t\t\t\t\t\t\t\t\t\t\t\t\t\t\t<img fetchpriority=\"high\" decoding=\"async\" width=\"525\" height=\"350\" src=\"https:\/\/test.detech.com.tr\/wp-content\/uploads\/2025\/11\/surdurulebilirlik.jpg\" class=\"attachment-large size-large wp-image-11185\" alt=\"sustainability\" srcset=\"https:\/\/test.detech.com.tr\/wp-content\/uploads\/2025\/11\/surdurulebilirlik.jpg 1000w, https:\/\/test.detech.com.tr\/wp-content\/uploads\/2025\/11\/surdurulebilirlik-300x200.jpg 300w, https:\/\/test.detech.com.tr\/wp-content\/uploads\/2025\/11\/surdurulebilirlik-768x512.jpg 768w, https:\/\/test.detech.com.tr\/wp-content\/uploads\/2025\/11\/surdurulebilirlik-18x12.jpg 18w, https:\/\/test.detech.com.tr\/wp-content\/uploads\/2025\/11\/surdurulebilirlik-400x267.jpg 400w\" sizes=\"100vw\" \/>\t\t\t\t\t\t\t\t\t\t\t\t\t\t\t<\/div>\n\t\t\t\t\t<\/div>\n\t\t<\/div>\n\t\t\t\t<div class=\"elementor-column elementor-col-50 elementor-top-column elementor-element elementor-element-3e60d25c elementor-invisible\" data-id=\"3e60d25c\" data-element_type=\"column\" data-settings=\"{&quot;animation&quot;:&quot;fadeInRight&quot;}\">\n\t\t\t<div class=\"elementor-widget-wrap elementor-element-populated\">\n\t\t\t\t\t\t<div class=\"elementor-element elementor-element-7fff2a3 elementor-widget elementor-widget-heading\" data-id=\"7fff2a3\" data-element_type=\"widget\" data-widget_type=\"heading.default\">\n\t\t\t\t\t<h2 class=\"elementor-heading-title elementor-size-default\">Sustainability<\/h2>\t\t\t\t<\/div>\n\t\t\t\t<div class=\"elementor-element elementor-element-749bdd09 elementor-widget elementor-widget-text-editor\" data-id=\"749bdd09\" data-element_type=\"widget\" data-widget_type=\"text-editor.default\">\n\t\t\t\t\t\t\t\t\t<p><span style=\"color: #022f3c;\">Instead of more production, more consumption, more resource use, more waste, we should make the concept of \"SUSTAINABILITY AGAINST LIMITED WORLD AND RESOURCES\" the main element of our cultural transformation by thinking about future generations and tomorrow. SUSTAINABILITY is meeting today's needs without compromising the ability of future generations to meet their own needs. As DETECH, we should care about all 3 headings of sustainability as \"ENVIRONMENT, SOCIETY, ECONOMY\" and create goals in our Group and open projects for the missing ones. as follows;<\/span><\/p>\t\t\t\t\t\t\t\t<\/div>\n\t\t\t\t\t<\/div>\n\t\t<\/div>\n\t\t\t\t\t<\/div>\n\t\t<\/section>\n\t\t\t\t<section class=\"elementor-section elementor-top-section elementor-element elementor-element-57a10c77 elementor-section-boxed elementor-section-height-default elementor-section-height-default wpr-particle-no wpr-jarallax-no wpr-parallax-no wpr-sticky-section-no\" data-id=\"57a10c77\" data-element_type=\"section\" data-settings=\"{&quot;background_background&quot;:&quot;classic&quot;}\">\n\t\t\t\t\t\t<div class=\"elementor-container elementor-column-gap-default\">\n\t\t\t\t\t<div class=\"elementor-column elementor-col-100 elementor-top-column elementor-element elementor-element-263aca85\" data-id=\"263aca85\" data-element_type=\"column\">\n\t\t\t<div class=\"elementor-widget-wrap elementor-element-populated\">\n\t\t\t\t\t\t<section class=\"elementor-section elementor-inner-section elementor-element elementor-element-68f517b6 elementor-section-boxed elementor-section-height-default elementor-section-height-default wpr-particle-no wpr-jarallax-no wpr-parallax-no wpr-sticky-section-no elementor-invisible\" data-id=\"68f517b6\" data-element_type=\"section\" data-settings=\"{&quot;animation&quot;:&quot;fadeInDown&quot;}\">\n\t\t\t\t\t\t<div class=\"elementor-container elementor-column-gap-default\">\n\t\t\t\t\t<div class=\"elementor-column elementor-col-100 elementor-inner-column elementor-element elementor-element-5d108eac\" data-id=\"5d108eac\" data-element_type=\"column\" data-settings=\"{&quot;background_background&quot;:&quot;classic&quot;}\">\n\t\t\t<div class=\"elementor-widget-wrap elementor-element-populated\">\n\t\t\t\t\t\t<div class=\"elementor-element elementor-element-b17141b elementor-view-default elementor-widget elementor-widget-icon\" data-id=\"b17141b\" data-element_type=\"widget\" data-widget_type=\"icon.default\">\n\t\t\t\t\t\t\t<div class=\"elementor-icon-wrapper\">\n\t\t\t<div class=\"elementor-icon\">\n\t\t\t<i aria-hidden=\"true\" class=\"ion ion-earth\"><\/i>\t\t\t<\/div>\n\t\t<\/div>\n\t\t\t\t\t\t<\/div>\n\t\t\t\t<div class=\"elementor-element elementor-element-66167f1 elementor-widget elementor-widget-heading\" data-id=\"66167f1\" data-element_type=\"widget\" data-widget_type=\"heading.default\">\n\t\t\t\t\t<h6 class=\"elementor-heading-title elementor-size-default\">OUR POSSIBLE TARGETS FOR A SUSTAINABLE ENVIRONMENT<\/h6>\t\t\t\t<\/div>\n\t\t\t\t<div class=\"elementor-element elementor-element-455afb1 elementor-widget elementor-widget-text-editor\" data-id=\"455afb1\" data-element_type=\"widget\" data-widget_type=\"text-editor.default\">\n\t\t\t\t\t\t\t\t\t<p><span style=\"color: #022f3c;\" data-teams=\"true\">- Reducing carbon footprint,\u00a0<br \/>- Energy and water savings,\u00a0<br \/>- Ensuring sustainable use of resources in production,<br \/>- Waste management,\u00a0<br \/>- Recycling<\/span><\/p>\t\t\t\t\t\t\t\t<\/div>\n\t\t\t\t\t<\/div>\n\t\t<\/div>\n\t\t\t\t\t<\/div>\n\t\t<\/section>\n\t\t\t\t<section class=\"elementor-section elementor-inner-section elementor-element elementor-element-27bb2dc elementor-section-boxed elementor-section-height-default elementor-section-height-default wpr-particle-no wpr-jarallax-no wpr-parallax-no wpr-sticky-section-no elementor-invisible\" data-id=\"27bb2dc\" data-element_type=\"section\" data-settings=\"{&quot;animation&quot;:&quot;fadeInDown&quot;}\">\n\t\t\t\t\t\t<div class=\"elementor-container elementor-column-gap-default\">\n\t\t\t\t\t<div class=\"elementor-column elementor-col-100 elementor-inner-column elementor-element elementor-element-cef9f55\" data-id=\"cef9f55\" data-element_type=\"column\" data-settings=\"{&quot;background_background&quot;:&quot;classic&quot;}\">\n\t\t\t<div class=\"elementor-widget-wrap elementor-element-populated\">\n\t\t\t\t\t\t<div class=\"elementor-element elementor-element-ae92eae elementor-view-default elementor-widget elementor-widget-icon\" data-id=\"ae92eae\" data-element_type=\"widget\" data-widget_type=\"icon.default\">\n\t\t\t\t\t\t\t<div class=\"elementor-icon-wrapper\">\n\t\t\t<div class=\"elementor-icon\">\n\t\t\t<i aria-hidden=\"true\" class=\"glyph-icon flaticon-analytic\"><\/i>\t\t\t<\/div>\n\t\t<\/div>\n\t\t\t\t\t\t<\/div>\n\t\t\t\t<div class=\"elementor-element elementor-element-ac367ea elementor-widget elementor-widget-heading\" data-id=\"ac367ea\" data-element_type=\"widget\" data-widget_type=\"heading.default\">\n\t\t\t\t\t<h6 class=\"elementor-heading-title elementor-size-default\">OUR POSSIBLE TARGETS FOR SUSTAINABLE GROWTH<\/h6>\t\t\t\t<\/div>\n\t\t\t\t<div class=\"elementor-element elementor-element-12bf4da elementor-widget elementor-widget-text-editor\" data-id=\"12bf4da\" data-element_type=\"widget\" data-widget_type=\"text-editor.default\">\n\t\t\t\t\t\t\t\t\t<p><span style=\"color: #022f3c;\" data-teams=\"true\">- Continuous and sustainable projects that provide added value through R&amp;D and innovation studies,\u00a0<br \/>- Customer value chain, customer for life,\u00a0<br \/>- Becoming a global company,\u00a0<br \/>- For our concepts of growth through acquisitions, we have and will\u00a0<br \/>studies.<\/span><\/p>\t\t\t\t\t\t\t\t<\/div>\n\t\t\t\t\t<\/div>\n\t\t<\/div>\n\t\t\t\t\t<\/div>\n\t\t<\/section>\n\t\t\t\t<section class=\"elementor-section elementor-inner-section elementor-element elementor-element-dcdda1f elementor-section-boxed elementor-section-height-default elementor-section-height-default wpr-particle-no wpr-jarallax-no wpr-parallax-no wpr-sticky-section-no elementor-invisible\" data-id=\"dcdda1f\" data-element_type=\"section\" data-settings=\"{&quot;animation&quot;:&quot;fadeInDown&quot;}\">\n\t\t\t\t\t\t<div class=\"elementor-container elementor-column-gap-default\">\n\t\t\t\t\t<div class=\"elementor-column elementor-col-100 elementor-inner-column elementor-element elementor-element-2528fb4\" data-id=\"2528fb4\" data-element_type=\"column\" data-settings=\"{&quot;background_background&quot;:&quot;classic&quot;}\">\n\t\t\t<div class=\"elementor-widget-wrap elementor-element-populated\">\n\t\t\t\t\t\t<div class=\"elementor-element elementor-element-fc82da7 elementor-view-default elementor-widget elementor-widget-icon\" data-id=\"fc82da7\" data-element_type=\"widget\" data-widget_type=\"icon.default\">\n\t\t\t\t\t\t\t<div class=\"elementor-icon-wrapper\">\n\t\t\t<div class=\"elementor-icon\">\n\t\t\t<i aria-hidden=\"true\" class=\"glyph-icon flaticon-sketch\"><\/i>\t\t\t<\/div>\n\t\t<\/div>\n\t\t\t\t\t\t<\/div>\n\t\t\t\t<div class=\"elementor-element elementor-element-bd1d6a6 elementor-widget elementor-widget-heading\" data-id=\"bd1d6a6\" data-element_type=\"widget\" data-widget_type=\"heading.default\">\n\t\t\t\t\t<h6 class=\"elementor-heading-title elementor-size-default\">OUR POSSIBLE TARGETS FOR SOCIAL SUSTAINABILITY<\/h6>\t\t\t\t<\/div>\n\t\t\t\t<div class=\"elementor-element elementor-element-79ad7fb elementor-widget elementor-widget-text-editor\" data-id=\"79ad7fb\" data-element_type=\"widget\" data-widget_type=\"text-editor.default\">\n\t\t\t\t\t\t\t\t\t<p><span style=\"color: #022f3c;\">- Institutional justice,\u00a0<\/span><br \/><span style=\"color: #022f3c;\">- Equal opportunity,\u00a0<\/span><br \/><span style=\"color: #022f3c;\">- Inclusivity,\u00a0<\/span><br \/><span style=\"color: #022f3c;\">- Individual development,\u00a0<\/span><br \/><span style=\"color: #022f3c;\">- Preventive continuous health,\u00a0<\/span><br \/><span style=\"color: #022f3c;\">- Our projects in gender equality areas<\/span><\/p>\t\t\t\t\t\t\t\t<\/div>\n\t\t\t\t\t<\/div>\n\t\t<\/div>\n\t\t\t\t\t<\/div>\n\t\t<\/section>\n\t\t\t\t\t<\/div>\n\t\t<\/div>\n\t\t\t\t\t<\/div>\n\t\t<\/section>\n\t\t\t\t<section class=\"elementor-section elementor-top-section elementor-element elementor-element-1ce274a elementor-section-stretched elementor-section-boxed elementor-section-height-default elementor-section-height-default wpr-particle-no wpr-jarallax-no wpr-parallax-no wpr-sticky-section-no\" data-id=\"1ce274a\" data-element_type=\"section\" data-settings=\"{&quot;background_background&quot;:&quot;gradient&quot;,&quot;stretch_section&quot;:&quot;section-stretched&quot;}\">\n\t\t\t\t\t\t<div class=\"elementor-container elementor-column-gap-default\">\n\t\t\t\t\t<div class=\"elementor-column elementor-col-33 elementor-top-column elementor-element elementor-element-436bb9d elementor-invisible\" data-id=\"436bb9d\" data-element_type=\"column\" data-settings=\"{&quot;animation&quot;:&quot;fadeInUp&quot;}\">\n\t\t\t<div class=\"elementor-widget-wrap elementor-element-populated\">\n\t\t\t\t\t\t<div class=\"elementor-element elementor-element-6fb3246 elementor-widget__width-initial elementor-widget elementor-widget-heading\" data-id=\"6fb3246\" data-element_type=\"widget\" data-widget_type=\"heading.default\">\n\t\t\t\t\t<h2 class=\"elementor-heading-title elementor-size-default\">Contact us about your needs and we will find a solution for you!<\/h2>\t\t\t\t<\/div>\n\t\t\t\t\t<\/div>\n\t\t<\/div>\n\t\t\t\t<div class=\"elementor-column elementor-col-33 elementor-top-column elementor-element elementor-element-8730fd5 elementor-invisible\" data-id=\"8730fd5\" data-element_type=\"column\" data-settings=\"{&quot;animation&quot;:&quot;fadeInDown&quot;}\">\n\t\t\t<div class=\"elementor-widget-wrap\">\n\t\t\t\t\t\t\t<\/div>\n\t\t<\/div>\n\t\t\t\t<div class=\"elementor-column elementor-col-33 elementor-top-column elementor-element elementor-element-99dae8a\" data-id=\"99dae8a\" data-element_type=\"column\">\n\t\t\t<div class=\"elementor-widget-wrap\">\n\t\t\t\t\t\t\t<\/div>\n\t\t<\/div>\n\t\t\t\t\t<\/div>\n\t\t<\/section>\n\t\t\t\t<\/div>","protected":false},"excerpt":{"rendered":"<p>S\u00fcrd\u00fcr\u00fclebilirlik S\u0131n\u0131rl\u0131 D\u00fcnya ve Kaynaklar Kar\u015f\u0131s\u0131nda S\u00fcrd\u00fcr\u00fclebilirlik S\u00fcrd\u00fcr\u00fclebilirlik \u015eu anda d\u00fcnyam\u0131z\u0131 h\u0131zla \u00e7\u00f6k\u00fc\u015fe g\u00f6t\u00fcren \u201cDAHA \u00c7OK\u201d kavram\u0131na kar\u015f\u0131 hep birlikte hakim k\u0131lmam\u0131z gereken bir de\u011fer kavram ise \u201cS\u00dcRD\u00dcR\u00dcLEB\u0130L\u0130RL\u0130K\u201d Daha \u00e7ok \u00fcretim, daha \u00e7ok t\u00fcketim, daha \u00e7ok kaynak kullan\u0131m\u0131, daha \u00e7ok israf yerine gelecek ku\u015faklar\u0131 yar\u0131nlar\u0131 d\u00fc\u015f\u00fcnerek \u201cSINIRLI D\u00dcNYA VE KAYNAKLAR KAR\u015eISINDA S\u00dcRD\u00dcR\u00dcLEB\u0130L\u0130RL\u0130K\u201d kavram\u0131n\u0131 k\u00fclt\u00fcrel d\u00f6n\u00fc\u015f\u00fcm\u00fcm\u00fcz\u00fcn ana \u00f6gesi yapmal\u0131y\u0131z. Gelecek nesillerin kendi ihtiya\u00e7lar\u0131n\u0131 kar\u015f\u0131lama yetene\u011finden \u00f6d\u00fcn vermeden, bug\u00fcn\u00fcn ihtiya\u00e7lar\u0131n\u0131 kar\u015f\u0131lamakt\u0131r S\u00dcRD\u00dcR\u00dcLEB\u0130L\u0130RL\u0130K. DETECH olarak s\u00fcrd\u00fcr\u00fclebilirli\u011fin \u201c\u00c7EVRE, TOPLUM, EKONOM\u0130\u201d olarak 3 ba\u015fl\u0131\u011f\u0131n\u0131 da \u00f6nemsemeli ve Grubumuzda hedefler olu\u015fturup eksik olanlar i\u00e7in projeler a\u00e7mal\u0131y\u0131z. \u015f\u00f6yle ki; S\u00dcRD\u00dcR\u00dcLEB\u0130L\u0130R \u00c7EVRE \u0130LE \u0130LG\u0130L\u0130 OLASI HEDEFLER\u0130M\u0130Z \u2022 Karbon ayak izini azaltmak,\u00a0\u2022 Enerji ve su tasarrufu,\u00a0\u2022 \u00dcretimde kaynaklar\u0131n s\u00fcrd\u00fcr\u00fclebilir kullan\u0131m\u0131n\u0131 sa\u011flamak,\u2022 At\u0131k y\u00f6netimi,\u00a0\u2022 Geri d\u00f6n\u00fc\u015f\u00fcm S\u00dcRD\u00dcR\u00dcLEB\u0130L\u0130R B\u00dcY\u00dcME \u0130LE \u0130LG\u0130L\u0130 OLASI HEDEFLER\u0130M\u0130Z \u2022 AR-GE, \u0130novasyon \u00e7al\u0131\u015fmalar\u0131yla katma de\u011fer sa\u011flay\u0131c\u0131 s\u00fcrekli ve s\u00fcrd\u00fcr\u00fclebilir projeler,\u00a0\u2022 M\u00fc\u015fteri de\u011fer zinciri, \u00f6m\u00fcr boyu m\u00fc\u015fteri,\u00a0\u2022 K\u00fcresel \u00f6l\u00e7ekli firma olma,\u00a0\u2022 Sat\u0131n almalarla b\u00fcy\u00fcme kavramlar\u0131m\u0131z i\u00e7in yapmakta oldu\u011fumuz ve yapaca\u011f\u0131m\u0131z\u00a0\u00e7al\u0131\u015fmalar. SOSYAL S\u00dcRD\u00dcR\u00dcLEB\u0130L\u0130RL\u0130K \u0130LE \u0130LG\u0130L\u0130 OLASI HEDEFLER\u0130M\u0130Z \u2022 Kurumsal adalet,\u00a0\u2022 F\u0131rsat e\u015fitli\u011fi,\u00a0\u2022 Kapsay\u0131c\u0131l\u0131k,\u00a0\u2022 Bireysel geli\u015fim,\u00a0\u2022 Koruyucu s\u00fcrekli sa\u011fl\u0131k,\u00a0\u2022 Cinsiyet e\u015fitli\u011fi alanlar\u0131 projelerimiz \u0130htiya\u00e7lar\u0131n\u0131z hakk\u0131nda bize ula\u015f\u0131n, size \u00e7\u00f6z\u00fcm \u00fcretelim!<\/p>","protected":false},"author":3,"featured_media":0,"parent":0,"menu_order":0,"comment_status":"closed","ping_status":"closed","template":"elementor_header_footer","meta":{"_acf_changed":false,"footnotes":""},"class_list":["post-9017","page","type-page","status-publish","hentry"],"acf":[],"_links":{"self":[{"href":"https:\/\/test.detech.com.tr\/en\/wp-json\/wp\/v2\/pages\/9017","targetHints":{"allow":["GET"]}}],"collection":[{"href":"https:\/\/test.detech.com.tr\/en\/wp-json\/wp\/v2\/pages"}],"about":[{"href":"https:\/\/test.detech.com.tr\/en\/wp-json\/wp\/v2\/types\/page"}],"author":[{"embeddable":true,"href":"https:\/\/test.detech.com.tr\/en\/wp-json\/wp\/v2\/users\/3"}],"replies":[{"embeddable":true,"href":"https:\/\/test.detech.com.tr\/en\/wp-json\/wp\/v2\/comments?post=9017"}],"version-history":[{"count":28,"href":"https:\/\/test.detech.com.tr\/en\/wp-json\/wp\/v2\/pages\/9017\/revisions"}],"predecessor-version":[{"id":11642,"href":"https:\/\/test.detech.com.tr\/en\/wp-json\/wp\/v2\/pages\/9017\/revisions\/11642"}],"wp:attachment":[{"href":"https:\/\/test.detech.com.tr\/en\/wp-json\/wp\/v2\/media?parent=9017"}],"curies":[{"name":"wp","href":"https:\/\/api.w.org\/{rel}","templated":true}]}}