{"id":9290,"date":"2025-09-18T08:04:23","date_gmt":"2025-09-18T08:04:23","guid":{"rendered":"https:\/\/test.detech.com.tr\/?page_id=9290"},"modified":"2025-11-17T21:37:15","modified_gmt":"2025-11-17T21:37:15","slug":"trainings","status":"publish","type":"page","link":"https:\/\/test.detech.com.tr\/en\/trainings\/","title":{"rendered":"Trainings"},"content":{"rendered":"<div data-elementor-type=\"wp-page\" data-elementor-id=\"9290\" class=\"elementor elementor-9290\" data-elementor-settings=\"{&quot;element_pack_global_tooltip_width&quot;:{&quot;unit&quot;:&quot;px&quot;,&quot;size&quot;:&quot;&quot;,&quot;sizes&quot;:[]},&quot;element_pack_global_tooltip_width_tablet&quot;:{&quot;unit&quot;:&quot;px&quot;,&quot;size&quot;:&quot;&quot;,&quot;sizes&quot;:[]},&quot;element_pack_global_tooltip_width_mobile&quot;:{&quot;unit&quot;:&quot;px&quot;,&quot;size&quot;:&quot;&quot;,&quot;sizes&quot;:[]},&quot;element_pack_global_tooltip_padding&quot;:{&quot;unit&quot;:&quot;px&quot;,&quot;top&quot;:&quot;&quot;,&quot;right&quot;:&quot;&quot;,&quot;bottom&quot;:&quot;&quot;,&quot;left&quot;:&quot;&quot;,&quot;isLinked&quot;:true},&quot;element_pack_global_tooltip_padding_tablet&quot;:{&quot;unit&quot;:&quot;px&quot;,&quot;top&quot;:&quot;&quot;,&quot;right&quot;:&quot;&quot;,&quot;bottom&quot;:&quot;&quot;,&quot;left&quot;:&quot;&quot;,&quot;isLinked&quot;:true},&quot;element_pack_global_tooltip_padding_mobile&quot;:{&quot;unit&quot;:&quot;px&quot;,&quot;top&quot;:&quot;&quot;,&quot;right&quot;:&quot;&quot;,&quot;bottom&quot;:&quot;&quot;,&quot;left&quot;:&quot;&quot;,&quot;isLinked&quot;:true},&quot;element_pack_global_tooltip_border_radius&quot;:{&quot;unit&quot;:&quot;px&quot;,&quot;top&quot;:&quot;&quot;,&quot;right&quot;:&quot;&quot;,&quot;bottom&quot;:&quot;&quot;,&quot;left&quot;:&quot;&quot;,&quot;isLinked&quot;:true},&quot;element_pack_global_tooltip_border_radius_tablet&quot;:{&quot;unit&quot;:&quot;px&quot;,&quot;top&quot;:&quot;&quot;,&quot;right&quot;:&quot;&quot;,&quot;bottom&quot;:&quot;&quot;,&quot;left&quot;:&quot;&quot;,&quot;isLinked&quot;:true},&quot;element_pack_global_tooltip_border_radius_mobile&quot;:{&quot;unit&quot;:&quot;px&quot;,&quot;top&quot;:&quot;&quot;,&quot;right&quot;:&quot;&quot;,&quot;bottom&quot;:&quot;&quot;,&quot;left&quot;:&quot;&quot;,&quot;isLinked&quot;:true}}\">\n\t\t\t\t\t\t<section class=\"elementor-section elementor-top-section elementor-element elementor-element-7c672ca1 elementor-section-content-middle elementor-section-boxed elementor-section-height-default elementor-section-height-default wpr-particle-no wpr-jarallax-no wpr-parallax-no wpr-sticky-section-no\" data-id=\"7c672ca1\" data-element_type=\"section\">\n\t\t\t\t\t\t<div class=\"elementor-container elementor-column-gap-default\">\n\t\t\t\t\t<div class=\"elementor-column elementor-col-50 elementor-top-column elementor-element elementor-element-664aec48\" data-id=\"664aec48\" data-element_type=\"column\">\n\t\t\t<div class=\"elementor-widget-wrap elementor-element-populated\">\n\t\t\t\t\t\t<div class=\"elementor-element elementor-element-57130981 elementor-invisible elementor-widget elementor-widget-image\" data-id=\"57130981\" data-element_type=\"widget\" data-settings=\"{&quot;_animation&quot;:&quot;fadeInLeft&quot;}\" data-widget_type=\"image.default\">\n\t\t\t\t\t\t\t\t\t\t\t\t\t\t\t<img fetchpriority=\"high\" decoding=\"async\" width=\"929\" height=\"710\" src=\"https:\/\/test.detech.com.tr\/wp-content\/uploads\/2025\/11\/cyber-security-academy-1.jpg\" class=\"attachment-full size-full wp-image-11584\" alt=\"\" srcset=\"https:\/\/test.detech.com.tr\/wp-content\/uploads\/2025\/11\/cyber-security-academy-1.jpg 929w, https:\/\/test.detech.com.tr\/wp-content\/uploads\/2025\/11\/cyber-security-academy-1-300x229.jpg 300w, https:\/\/test.detech.com.tr\/wp-content\/uploads\/2025\/11\/cyber-security-academy-1-768x587.jpg 768w, https:\/\/test.detech.com.tr\/wp-content\/uploads\/2025\/11\/cyber-security-academy-1-16x12.jpg 16w, https:\/\/test.detech.com.tr\/wp-content\/uploads\/2025\/11\/cyber-security-academy-1-400x306.jpg 400w\" sizes=\"100vw\" \/>\t\t\t\t\t\t\t\t\t\t\t\t\t\t\t<\/div>\n\t\t\t\t\t<\/div>\n\t\t<\/div>\n\t\t\t\t<div class=\"elementor-column elementor-col-50 elementor-top-column elementor-element elementor-element-38ed3360 elementor-invisible\" data-id=\"38ed3360\" data-element_type=\"column\" data-settings=\"{&quot;animation&quot;:&quot;fadeInRight&quot;}\">\n\t\t\t<div class=\"elementor-widget-wrap elementor-element-populated\">\n\t\t\t\t\t\t<div class=\"elementor-element elementor-element-9e12b74 elementor-widget elementor-widget-heading\" data-id=\"9e12b74\" data-element_type=\"widget\" data-widget_type=\"heading.default\">\n\t\t\t\t\t<h2 class=\"elementor-heading-title elementor-size-default\">Academy<\/h2>\t\t\t\t<\/div>\n\t\t\t\t<div class=\"elementor-element elementor-element-14ded7cc elementor-widget elementor-widget-text-editor\" data-id=\"14ded7cc\" data-element_type=\"widget\" data-widget_type=\"text-editor.default\">\n\t\t\t\t\t\t\t\t\t<p><span data-teams=\"true\"><strong>Detech Academy<\/strong>is a journey of continuous learning. Today, we invest in the development of our team with the trainings we organize internally. In the near future, we aim to open this know-how to students, professionals and the business world, offering innovative and practical training to those who want to specialize in cyber security. Our goal is not only to transfer knowledge, but also to train the architects of a secure digital future together.<\/span><\/p>\t\t\t\t\t\t\t\t<\/div>\n\t\t\t\t\t<\/div>\n\t\t<\/div>\n\t\t\t\t\t<\/div>\n\t\t<\/section>\n\t\t\t\t<section class=\"elementor-section elementor-top-section elementor-element elementor-element-1804c931 elementor-section-boxed elementor-section-height-default elementor-section-height-default wpr-particle-no wpr-jarallax-no wpr-parallax-no wpr-sticky-section-no\" data-id=\"1804c931\" data-element_type=\"section\" data-settings=\"{&quot;background_background&quot;:&quot;classic&quot;}\">\n\t\t\t\t\t\t<div class=\"elementor-container elementor-column-gap-default\">\n\t\t\t\t\t<div class=\"elementor-column elementor-col-100 elementor-top-column elementor-element elementor-element-1d1dd5b5\" data-id=\"1d1dd5b5\" data-element_type=\"column\">\n\t\t\t<div class=\"elementor-widget-wrap elementor-element-populated\">\n\t\t\t\t\t\t<section class=\"elementor-section elementor-inner-section elementor-element elementor-element-58b4a812 elementor-section-full_width elementor-section-height-default elementor-section-height-default wpr-particle-no wpr-jarallax-no wpr-parallax-no wpr-sticky-section-no elementor-invisible\" data-id=\"58b4a812\" data-element_type=\"section\" data-settings=\"{&quot;animation&quot;:&quot;fadeInDown&quot;}\">\n\t\t\t\t\t\t<div class=\"elementor-container elementor-column-gap-narrow\">\n\t\t\t\t\t<div class=\"elementor-column elementor-col-100 elementor-inner-column elementor-element elementor-element-b2d1f2c\" data-id=\"b2d1f2c\" data-element_type=\"column\" data-settings=\"{&quot;background_background&quot;:&quot;classic&quot;}\">\n\t\t\t<div class=\"elementor-widget-wrap elementor-element-populated\">\n\t\t\t\t\t\t<div class=\"elementor-element elementor-element-ef2dcd3 elementor-widget elementor-widget-image\" data-id=\"ef2dcd3\" data-element_type=\"widget\" data-widget_type=\"image.default\">\n\t\t\t\t\t\t\t\t\t\t\t\t\t\t\t<img decoding=\"async\" width=\"150\" height=\"150\" src=\"https:\/\/test.detech.com.tr\/wp-content\/uploads\/2025\/09\/1756392490407-150x150.jpg\" class=\"attachment-thumbnail size-thumbnail wp-image-9293\" alt=\"\" srcset=\"https:\/\/test.detech.com.tr\/wp-content\/uploads\/2025\/09\/1756392490407-150x150.jpg 150w, https:\/\/test.detech.com.tr\/wp-content\/uploads\/2025\/09\/1756392490407-300x300.jpg 300w, https:\/\/test.detech.com.tr\/wp-content\/uploads\/2025\/09\/1756392490407-1024x1024.jpg 1024w, https:\/\/test.detech.com.tr\/wp-content\/uploads\/2025\/09\/1756392490407-768x768.jpg 768w, https:\/\/test.detech.com.tr\/wp-content\/uploads\/2025\/09\/1756392490407-500x500.jpg 500w, https:\/\/test.detech.com.tr\/wp-content\/uploads\/2025\/09\/1756392490407-400x400.jpg 400w, https:\/\/test.detech.com.tr\/wp-content\/uploads\/2025\/09\/1756392490407-100x100.jpg 100w, https:\/\/test.detech.com.tr\/wp-content\/uploads\/2025\/09\/1756392490407.jpg 1200w\" sizes=\"100vw\" \/>\t\t\t\t\t\t\t\t\t\t\t\t\t\t\t<\/div>\n\t\t\t\t<div class=\"elementor-element elementor-element-30f9fed elementor-widget elementor-widget-heading\" data-id=\"30f9fed\" data-element_type=\"widget\" data-widget_type=\"heading.default\">\n\t\t\t\t\t<h5 class=\"elementor-heading-title elementor-size-default\">CalypsoAI Training - Enterprise GenAI Security<\/h5>\t\t\t\t<\/div>\n\t\t\t\t<div class=\"elementor-element elementor-element-6066cb6 elementor-widget elementor-widget-text-editor\" data-id=\"6066cb6\" data-element_type=\"widget\" data-widget_type=\"text-editor.default\">\n\t\t\t\t\t\t\t\t\t<p><span style=\"color: #000000;\">In this training organized under the roof of Detech Academy, our team had the opportunity to get to know CalypsoAI solutions closely and experience them in practice.<\/span><\/p>\t\t\t\t\t\t\t\t<\/div>\n\t\t\t\t<div class=\"elementor-element elementor-element-2aa5a3a elementor-widget elementor-widget-button\" data-id=\"2aa5a3a\" data-element_type=\"widget\" data-widget_type=\"button.default\">\n\t\t\t\t\t\t\t\t\t\t<a class=\"elementor-button elementor-button-link elementor-size-sm\" href=\"#\">\n\t\t\t\t\t\t<span class=\"elementor-button-content-wrapper\">\n\t\t\t\t\t\t\t\t\t<span class=\"elementor-button-text\">Read more<\/span>\n\t\t\t\t\t<\/span>\n\t\t\t\t\t<\/a>\n\t\t\t\t\t\t\t\t<\/div>\n\t\t\t\t\t<\/div>\n\t\t<\/div>\n\t\t\t\t\t<\/div>\n\t\t<\/section>\n\t\t\t\t\t<\/div>\n\t\t<\/div>\n\t\t\t\t\t<\/div>\n\t\t<\/section>\n\t\t\t\t<section class=\"elementor-section elementor-top-section elementor-element elementor-element-752a0fa elementor-section-stretched elementor-section-boxed elementor-section-height-default elementor-section-height-default wpr-particle-no wpr-jarallax-no wpr-parallax-no wpr-sticky-section-no\" data-id=\"752a0fa\" data-element_type=\"section\" data-settings=\"{&quot;background_background&quot;:&quot;gradient&quot;,&quot;stretch_section&quot;:&quot;section-stretched&quot;}\">\n\t\t\t\t\t\t<div class=\"elementor-container elementor-column-gap-default\">\n\t\t\t\t\t<div class=\"elementor-column elementor-col-50 elementor-top-column elementor-element elementor-element-5f922d6 elementor-invisible\" data-id=\"5f922d6\" data-element_type=\"column\" data-settings=\"{&quot;animation&quot;:&quot;fadeInUp&quot;}\">\n\t\t\t<div class=\"elementor-widget-wrap elementor-element-populated\">\n\t\t\t\t\t\t<div class=\"elementor-element elementor-element-a128111 elementor-widget elementor-widget-heading\" data-id=\"a128111\" data-element_type=\"widget\" data-widget_type=\"heading.default\">\n\t\t\t\t\t<h2 class=\"elementor-heading-title elementor-size-default\">Contact us about your needs and we will find a solution for you!<\/h2>\t\t\t\t<\/div>\n\t\t\t\t\t<\/div>\n\t\t<\/div>\n\t\t\t\t<div class=\"elementor-column elementor-col-50 elementor-top-column elementor-element elementor-element-4ff2996 elementor-invisible\" data-id=\"4ff2996\" data-element_type=\"column\" data-settings=\"{&quot;animation&quot;:&quot;fadeInDown&quot;}\">\n\t\t\t<div class=\"elementor-widget-wrap\">\n\t\t\t\t\t\t\t<\/div>\n\t\t<\/div>\n\t\t\t\t\t<\/div>\n\t\t<\/section>\n\t\t\t\t<\/div>","protected":false},"excerpt":{"rendered":"<p>Akademi Detech Akademi, \u00f6\u011frenmeyi s\u00fcrekli k\u0131lan bir yolculuktur. Bug\u00fcn, kendi i\u00e7imizde d\u00fczenledi\u011fimiz e\u011fitimlerle ekibimizin geli\u015fimine yat\u0131r\u0131m yap\u0131yoruz. Yak\u0131n gelecekte ise bu bilgi birikimini \u00f6\u011frencilere, profesyonellere ve i\u015f d\u00fcnyas\u0131na a\u00e7arak; siber g\u00fcvenlik alan\u0131nda uzmanla\u015fmak isteyenlere yenilik\u00e7i ve uygulamal\u0131 e\u011fitimler sunmay\u0131 hedefliyoruz. Amac\u0131m\u0131z yaln\u0131zca bilgi aktarmak de\u011fil, ayn\u0131 zamanda g\u00fcvenli dijital gelece\u011fin mimarlar\u0131n\u0131 birlikte yeti\u015ftirmektir. CalypsoAI E\u011fitimi \u2013 Kurumsal GenAI G\u00fcvenli\u011fi Detech Akademi \u00e7at\u0131s\u0131 alt\u0131nda d\u00fczenlenen bu e\u011fitimde ekibimiz, CalypsoAI \u00e7\u00f6z\u00fcmlerini yak\u0131ndan tan\u0131ma ve uygulamal\u0131 olarak deneyimleme f\u0131rsat\u0131 buldu. Devam\u0131n\u0131 okuyun \u0130htiya\u00e7lar\u0131n\u0131z hakk\u0131nda bize ula\u015f\u0131n, size \u00e7\u00f6z\u00fcm \u00fcretelim!<\/p>","protected":false},"author":3,"featured_media":0,"parent":0,"menu_order":0,"comment_status":"closed","ping_status":"closed","template":"elementor_header_footer","meta":{"_acf_changed":false,"footnotes":""},"class_list":["post-9290","page","type-page","status-publish","hentry"],"acf":[],"_links":{"self":[{"href":"https:\/\/test.detech.com.tr\/en\/wp-json\/wp\/v2\/pages\/9290","targetHints":{"allow":["GET"]}}],"collection":[{"href":"https:\/\/test.detech.com.tr\/en\/wp-json\/wp\/v2\/pages"}],"about":[{"href":"https:\/\/test.detech.com.tr\/en\/wp-json\/wp\/v2\/types\/page"}],"author":[{"embeddable":true,"href":"https:\/\/test.detech.com.tr\/en\/wp-json\/wp\/v2\/users\/3"}],"replies":[{"embeddable":true,"href":"https:\/\/test.detech.com.tr\/en\/wp-json\/wp\/v2\/comments?post=9290"}],"version-history":[{"count":31,"href":"https:\/\/test.detech.com.tr\/en\/wp-json\/wp\/v2\/pages\/9290\/revisions"}],"predecessor-version":[{"id":11593,"href":"https:\/\/test.detech.com.tr\/en\/wp-json\/wp\/v2\/pages\/9290\/revisions\/11593"}],"wp:attachment":[{"href":"https:\/\/test.detech.com.tr\/en\/wp-json\/wp\/v2\/media?parent=9290"}],"curies":[{"name":"wp","href":"https:\/\/api.w.org\/{rel}","templated":true}]}}